{"id":400,"date":"2020-05-14T15:33:00","date_gmt":"2020-05-14T13:33:00","guid":{"rendered":"http:\/\/lds-avocat.fr\/?page_id=400"},"modified":"2026-03-09T17:51:18","modified_gmt":"2026-03-09T15:51:18","slug":"nous-trouver","status":"publish","type":"page","link":"http:\/\/lds-avocat.fr\/?page_id=400","title":{"rendered":"Qui sommes-nous ?"},"content":{"rendered":"\t\t<div data-elementor-type=\"wp-page\" data-elementor-id=\"400\" class=\"elementor elementor-400\">\n\t\t\t\t\t\t<div class=\"elementor-inner\">\n\t\t\t\t<div class=\"elementor-section-wrap\">\n\t\t\t\t\t\t\t\t\t<section class=\"elementor-section elementor-top-section elementor-element elementor-element-f29de9c elementor-section-boxed elementor-section-height-default elementor-section-height-default\" data-id=\"f29de9c\" data-element_type=\"section\">\n\t\t\t\t\t\t<div class=\"elementor-container elementor-column-gap-default\">\n\t\t\t\t\t\t\t<div class=\"elementor-row\">\n\t\t\t\t\t<div class=\"elementor-column elementor-col-100 elementor-top-column elementor-element elementor-element-32b9c8a\" data-id=\"32b9c8a\" data-element_type=\"column\">\n\t\t\t<div class=\"elementor-column-wrap elementor-element-populated\">\n\t\t\t\t\t\t\t<div class=\"elementor-widget-wrap\">\n\t\t\t\t\t\t<div class=\"elementor-element elementor-element-f33b166 elementor-widget elementor-widget-image\" data-id=\"f33b166\" data-element_type=\"widget\" data-widget_type=\"image.default\">\n\t\t\t\t<div class=\"elementor-widget-container\">\n\t\t\t\t\t\t\t\t<div class=\"elementor-image\">\n\t\t\t\t\t\t\t\t\t\t\t\t<img loading=\"lazy\" decoding=\"async\" width=\"200\" height=\"139\" src=\"http:\/\/lds-avocat.fr\/wp-content\/uploads\/2020\/05\/Capture-e1588844692398.png\" class=\"attachment-large size-large wp-image-311\" alt=\"ic\u00f4ne\" sizes=\"auto, 100vw\" \/>\t\t\t\t\t\t\t\t\t\t\t\t\t\t<\/div>\n\t\t\t\t\t\t<\/div>\n\t\t\t\t<\/div>\n\t\t\t\t\t\t<\/div>\n\t\t\t\t\t<\/div>\n\t\t<\/div>\n\t\t\t\t\t\t\t\t<\/div>\n\t\t\t\t\t<\/div>\n\t\t<\/section>\n\t\t\t\t<section class=\"elementor-section elementor-top-section elementor-element elementor-element-b91e230 elementor-section-boxed elementor-section-height-default elementor-section-height-default\" data-id=\"b91e230\" data-element_type=\"section\">\n\t\t\t\t\t\t<div class=\"elementor-container elementor-column-gap-default\">\n\t\t\t\t\t\t\t<div class=\"elementor-row\">\n\t\t\t\t\t<div class=\"elementor-column elementor-col-100 elementor-top-column elementor-element elementor-element-80789ab\" data-id=\"80789ab\" data-element_type=\"column\">\n\t\t\t<div class=\"elementor-column-wrap elementor-element-populated\">\n\t\t\t\t\t\t\t<div class=\"elementor-widget-wrap\">\n\t\t\t\t\t\t<div class=\"elementor-element elementor-element-32658c9 elementor-widget elementor-widget-spacer\" data-id=\"32658c9\" data-element_type=\"widget\" data-widget_type=\"spacer.default\">\n\t\t\t\t<div class=\"elementor-widget-container\">\n\t\t\t\t\t<div class=\"elementor-spacer\">\n\t\t\t<div class=\"elementor-spacer-inner\"><\/div>\n\t\t<\/div>\n\t\t\t\t<\/div>\n\t\t\t\t<\/div>\n\t\t\t\t<section class=\"elementor-section elementor-inner-section elementor-element elementor-element-033a6f9 elementor-section-boxed elementor-section-height-default elementor-section-height-default\" data-id=\"033a6f9\" data-element_type=\"section\">\n\t\t\t\t\t\t<div class=\"elementor-container elementor-column-gap-default\">\n\t\t\t\t\t\t\t<div class=\"elementor-row\">\n\t\t\t\t\t<div class=\"elementor-column elementor-col-50 elementor-inner-column elementor-element elementor-element-a99602a\" data-id=\"a99602a\" data-element_type=\"column\">\n\t\t\t<div class=\"elementor-column-wrap elementor-element-populated\">\n\t\t\t\t\t\t\t<div class=\"elementor-widget-wrap\">\n\t\t\t\t\t\t<div class=\"elementor-element elementor-element-8259f78 elementor-widget elementor-widget-image\" data-id=\"8259f78\" data-element_type=\"widget\" data-widget_type=\"image.default\">\n\t\t\t\t<div class=\"elementor-widget-container\">\n\t\t\t\t\t\t\t\t<div class=\"elementor-image\">\n\t\t\t\t\t\t\t\t\t<figure class=\"wp-caption\">\n\t\t\t\t\t\t\t\t\t\t<img loading=\"lazy\" decoding=\"async\" width=\"525\" height=\"718\" src=\"http:\/\/lds-avocat.fr\/wp-content\/uploads\/2020\/06\/M5A6529sanslesmains-copie_pp_1-2-749x1024.jpg\" class=\"attachment-large size-large wp-image-505\" alt=\"\" srcset=\"http:\/\/lds-avocat.fr\/wp-content\/uploads\/2020\/06\/M5A6529sanslesmains-copie_pp_1-2-749x1024.jpg 749w, http:\/\/lds-avocat.fr\/wp-content\/uploads\/2020\/06\/M5A6529sanslesmains-copie_pp_1-2-220x300.jpg 220w, http:\/\/lds-avocat.fr\/wp-content\/uploads\/2020\/06\/M5A6529sanslesmains-copie_pp_1-2-768x1049.jpg 768w, http:\/\/lds-avocat.fr\/wp-content\/uploads\/2020\/06\/M5A6529sanslesmains-copie_pp_1-2-1124x1536.jpg 1124w, http:\/\/lds-avocat.fr\/wp-content\/uploads\/2020\/06\/M5A6529sanslesmains-copie_pp_1-2-1499x2048.jpg 1499w, http:\/\/lds-avocat.fr\/wp-content\/uploads\/2020\/06\/M5A6529sanslesmains-copie_pp_1-2-scaled.jpg 1873w\" sizes=\"auto, 100vw\" \/>\t\t\t\t\t\t\t\t\t\t\t<figcaption class=\"widget-image-caption wp-caption-text\"><\/figcaption>\n\t\t\t\t\t\t\t\t\t\t<\/figure>\n\t\t\t\t\t\t\t\t<\/div>\n\t\t\t\t\t\t<\/div>\n\t\t\t\t<\/div>\n\t\t\t\t<div class=\"elementor-element elementor-element-d6b0d57 elementor-widget elementor-widget-text-editor\" data-id=\"d6b0d57\" data-element_type=\"widget\" data-widget_type=\"text-editor.default\">\n\t\t\t\t<div class=\"elementor-widget-container\">\n\t\t\t\t\t\t\t\t<div class=\"elementor-text-editor elementor-clearfix\">\n\t\t\t\t<p style=\"text-align: center;\"><span style=\"color: #087e16;\"><strong>Laure De Sutter<\/strong><\/span><br \/><span style=\"font-size: 1rem;\"><em>Avocat au barreau de Rouen<\/em><br \/><\/span><span style=\"font-size: 1rem;\">Fondatrice du cabinet<\/span><\/p>\t\t\t\t\t<\/div>\n\t\t\t\t\t\t<\/div>\n\t\t\t\t<\/div>\n\t\t\t\t\t\t<\/div>\n\t\t\t\t\t<\/div>\n\t\t<\/div>\n\t\t\t\t<div class=\"elementor-column elementor-col-50 elementor-inner-column elementor-element elementor-element-e9adf28\" data-id=\"e9adf28\" data-element_type=\"column\">\n\t\t\t<div class=\"elementor-column-wrap elementor-element-populated\">\n\t\t\t\t\t\t\t<div class=\"elementor-widget-wrap\">\n\t\t\t\t\t\t<div class=\"elementor-element elementor-element-a22dffe elementor-widget elementor-widget-text-editor\" data-id=\"a22dffe\" data-element_type=\"widget\" data-widget_type=\"text-editor.default\">\n\t\t\t\t<div class=\"elementor-widget-container\">\n\t\t\t\t\t\t\t\t<div class=\"elementor-text-editor elementor-clearfix\">\n\t\t\t\t<p>Depuis sa prestation de serment en 2009, Laure De Sutter exerce son activit\u00e9 d&rsquo;avocat <span style=\"color: #087e16;\"><strong>exclusivement en droit social<\/strong><\/span>, tant en conseil qu\u2019en contentieux\u00a0: 80% de son activit\u00e9 est d\u00e9di\u00e9e au conseil vers les entreprises et les salari\u00e9s, le reste de l&rsquo;activit\u00e9 est consacr\u00e9 au contentieux.<\/p><p>En parall\u00e8le, elle s&rsquo;est depuis longtemps inscrite dans une d\u00e9marche de formation pour laquelle elle a une app\u00e9tence particuli\u00e8re :<\/p><ul><li style=\"list-style-type: none;\"><ul><li><span style=\"font-size: 1rem;\">elle a \u00e9t\u00e9 <span style=\"color: #087e16;\">charg\u00e9e de l\u2019enseignement du droit p\u00e9nal du travail en Master 2 puis Master 1 droit de l\u2019entreprise<\/span> (facult\u00e9 de droit de Rouen) pendant 7 ans,<\/span><\/li><li><span style=\"font-size: 1rem;\"><span style=\"color: #087e16;\"><span style=\"color: #000000;\">elle a \u00e9galement \u00e9t\u00e9<\/span> charg\u00e9e de travaux dirig\u00e9s en Licence 3 relations individuelles de travail<\/span> (facult\u00e9 de droit de Rouen) pendant 9 ans,<\/span><\/li><li><span style=\"font-size: 1rem;\">elle \u00e9tait pr\u00e9c\u00e9demment charg\u00e9e de travaux dirig\u00e9s en droit des relations collectives de travail (Master 1 (2 ans) et IUT carri\u00e8res juridiques (1 an) facult\u00e9 de droit de Rouen),<\/span><\/li><li><span style=\"font-size: 1rem;\">elle a co-organis\u00e9 pendant 5 ans, pour le compte de l\u2019IXAD (\u00e9cole de formation des avocats du Nord-Ouest), le colloque de droit social de Dieppe,<\/span><\/li><li><span style=\"font-size: 1rem;\">elle est <span style=\"color: #087e16;\">organisme de formation<\/span> (sous le num\u00e9ro 287 605 504 76) depuis 2018.<\/span><\/li><\/ul><\/li><\/ul>\t\t\t\t\t<\/div>\n\t\t\t\t\t\t<\/div>\n\t\t\t\t<\/div>\n\t\t\t\t\t\t<\/div>\n\t\t\t\t\t<\/div>\n\t\t<\/div>\n\t\t\t\t\t\t\t\t<\/div>\n\t\t\t\t\t<\/div>\n\t\t<\/section>\n\t\t\t\t\t\t<\/div>\n\t\t\t\t\t<\/div>\n\t\t<\/div>\n\t\t\t\t\t\t\t\t<\/div>\n\t\t\t\t\t<\/div>\n\t\t<\/section>\n\t\t\t\t\t\t\t\t\t<\/div>\n\t\t\t<\/div>\n\t\t\t\t\t<\/div>\n\t\t","protected":false},"excerpt":{"rendered":"<p>Laure De SutterAvocat au barreau de RouenFondatrice du cabinet Depuis sa prestation de serment en 2009, Laure De Sutter exerce son activit\u00e9 d&rsquo;avocat exclusivement en droit social, tant en conseil qu\u2019en contentieux\u00a0: 80% de son activit\u00e9 est d\u00e9di\u00e9e au conseil vers les entreprises et les salari\u00e9s, le reste de l&rsquo;activit\u00e9 est consacr\u00e9 au contentieux. En &hellip; <\/p>\n<p class=\"link-more\"><a href=\"http:\/\/lds-avocat.fr\/?page_id=400\" class=\"more-link\">Continuer la lecture<span class=\"screen-reader-text\"> de &laquo;&nbsp;Qui sommes-nous ?&nbsp;&raquo;<\/span><\/a><\/p>\n","protected":false},"author":1,"featured_media":0,"parent":0,"menu_order":0,"comment_status":"closed","ping_status":"closed","template":"","meta":{"footnotes":""},"class_list":["post-400","page","type-page","status-publish","hentry"],"_links":{"self":[{"href":"http:\/\/lds-avocat.fr\/index.php?rest_route=\/wp\/v2\/pages\/400","targetHints":{"allow":["GET"]}}],"collection":[{"href":"http:\/\/lds-avocat.fr\/index.php?rest_route=\/wp\/v2\/pages"}],"about":[{"href":"http:\/\/lds-avocat.fr\/index.php?rest_route=\/wp\/v2\/types\/page"}],"author":[{"embeddable":true,"href":"http:\/\/lds-avocat.fr\/index.php?rest_route=\/wp\/v2\/users\/1"}],"replies":[{"embeddable":true,"href":"http:\/\/lds-avocat.fr\/index.php?rest_route=%2Fwp%2Fv2%2Fcomments&post=400"}],"version-history":[{"count":20,"href":"http:\/\/lds-avocat.fr\/index.php?rest_route=\/wp\/v2\/pages\/400\/revisions"}],"predecessor-version":[{"id":562,"href":"http:\/\/lds-avocat.fr\/index.php?rest_route=\/wp\/v2\/pages\/400\/revisions\/562"}],"wp:attachment":[{"href":"http:\/\/lds-avocat.fr\/index.php?rest_route=%2Fwp%2Fv2%2Fmedia&parent=400"}],"curies":[{"name":"wp","href":"https:\/\/api.w.org\/{rel}","templated":true}]}}