{"id":349,"date":"2020-05-14T12:13:06","date_gmt":"2020-05-14T10:13:06","guid":{"rendered":"http:\/\/lds-avocat.fr\/?page_id=349"},"modified":"2026-03-09T17:21:56","modified_gmt":"2026-03-09T15:21:56","slug":"notre-cabinet","status":"publish","type":"page","link":"http:\/\/lds-avocat.fr\/","title":{"rendered":"Notre cabinet"},"content":{"rendered":"<p><img loading=\"lazy\" decoding=\"async\" src=\"http:\/\/lds-avocat.fr\/wp-content\/uploads\/2020\/05\/Capture-e1588844692398.png\" sizes=\"auto, 100vw\" alt=\"ic\u00f4ne\" width=\"200\" height=\"139\" \/><\/p>\n<p>Cr\u00e9\u00e9 en\u00a0<strong>2013<\/strong>\u00a0par\u00a0<strong>Laure De Sutter<\/strong>, le cabinet LDS Avocat intervient en\u00a0<strong>conseil<\/strong>\u00a0et en\u00a0<strong>contentieux<\/strong>\u00a0dans les diff\u00e9rentes composantes du droit social\u00a0:<\/p>\n<ul>\n<li style=\"list-style-type: none;\">\n<ul>\n<li><strong>Droit du travail<\/strong>\u00a0(relations individuelles, relations collectives, pr\u00e9vention et s\u00e9curit\u00e9 dans l\u2019entreprise, droit p\u00e9nal du travail),<\/li>\n<\/ul>\n<\/li>\n<\/ul>\n<ul>\n<li style=\"list-style-type: none;\">\n<ul>\n<li><strong>Droit de la s\u00e9curit\u00e9 sociale\u00a0et du handicap<\/strong>,<\/li>\n<\/ul>\n<\/li>\n<\/ul>\n<ul>\n<li style=\"list-style-type: none;\">\n<ul>\n<li><strong>Droit du contentieux de l\u2019incapacit\u00e9<\/strong>.<\/li>\n<\/ul>\n<\/li>\n<\/ul>\n<p><img decoding=\"async\" title=\"salle de reunion\" src=\"http:\/\/lds-avocat.fr\/wp-content\/uploads\/elementor\/thumbs\/salle-de-reunion-scaled-or3ejob48b71s4kwbgp9gb87y16jim9v2m04lx89ds.jpg\" alt=\"salle de reunion\" \/><\/p>\n<p>LDS avocat est \u00e9galement\u00a0<strong>organisme de formation<\/strong>, \u00e0 destination des dirigeants, DRH, responsables paie, juristes, cabinets d\u2019expertise comptable, etc.<\/p>\n","protected":false},"excerpt":{"rendered":"<p>Cr\u00e9\u00e9 en\u00a02013\u00a0par\u00a0Laure De Sutter, le cabinet LDS Avocat intervient en\u00a0conseil\u00a0et en\u00a0contentieux\u00a0dans les diff\u00e9rentes composantes du droit social\u00a0: Droit du travail\u00a0(relations individuelles, relations collectives, pr\u00e9vention et s\u00e9curit\u00e9 dans l\u2019entreprise, droit p\u00e9nal du travail), Droit de la s\u00e9curit\u00e9 sociale\u00a0et du handicap, Droit du contentieux de l\u2019incapacit\u00e9. LDS avocat est \u00e9galement\u00a0organisme de formation, \u00e0 destination des dirigeants, DRH, &hellip; <\/p>\n<p class=\"link-more\"><a href=\"http:\/\/lds-avocat.fr\/\" class=\"more-link\">Continuer la lecture<span class=\"screen-reader-text\"> de &laquo;&nbsp;Notre cabinet&nbsp;&raquo;<\/span><\/a><\/p>\n","protected":false},"author":1,"featured_media":0,"parent":0,"menu_order":0,"comment_status":"closed","ping_status":"closed","template":"","meta":{"footnotes":""},"class_list":["post-349","page","type-page","status-publish","hentry"],"_links":{"self":[{"href":"http:\/\/lds-avocat.fr\/index.php?rest_route=\/wp\/v2\/pages\/349","targetHints":{"allow":["GET"]}}],"collection":[{"href":"http:\/\/lds-avocat.fr\/index.php?rest_route=\/wp\/v2\/pages"}],"about":[{"href":"http:\/\/lds-avocat.fr\/index.php?rest_route=\/wp\/v2\/types\/page"}],"author":[{"embeddable":true,"href":"http:\/\/lds-avocat.fr\/index.php?rest_route=\/wp\/v2\/users\/1"}],"replies":[{"embeddable":true,"href":"http:\/\/lds-avocat.fr\/index.php?rest_route=%2Fwp%2Fv2%2Fcomments&post=349"}],"version-history":[{"count":14,"href":"http:\/\/lds-avocat.fr\/index.php?rest_route=\/wp\/v2\/pages\/349\/revisions"}],"predecessor-version":[{"id":541,"href":"http:\/\/lds-avocat.fr\/index.php?rest_route=\/wp\/v2\/pages\/349\/revisions\/541"}],"wp:attachment":[{"href":"http:\/\/lds-avocat.fr\/index.php?rest_route=%2Fwp%2Fv2%2Fmedia&parent=349"}],"curies":[{"name":"wp","href":"https:\/\/api.w.org\/{rel}","templated":true}]}}