{"id":16,"date":"2012-02-23T09:09:51","date_gmt":"2012-02-23T07:09:51","guid":{"rendered":"http:\/\/lds-avocat.fr\/?page_id=16"},"modified":"2020-05-15T16:50:55","modified_gmt":"2020-05-15T14:50:55","slug":"qui-sommes-nous","status":"publish","type":"page","link":"http:\/\/lds-avocat.fr\/?page_id=16","title":{"rendered":"Nos valeurs"},"content":{"rendered":"\t\t<div data-elementor-type=\"wp-page\" data-elementor-id=\"16\" class=\"elementor elementor-16\">\n\t\t\t\t\t\t<div class=\"elementor-inner\">\n\t\t\t\t<div class=\"elementor-section-wrap\">\n\t\t\t\t\t\t\t\t\t<section class=\"elementor-section elementor-top-section elementor-element elementor-element-ca66af8 elementor-section-boxed elementor-section-height-default elementor-section-height-default\" data-id=\"ca66af8\" data-element_type=\"section\">\n\t\t\t\t\t\t<div class=\"elementor-container elementor-column-gap-default\">\n\t\t\t\t\t\t\t<div class=\"elementor-row\">\n\t\t\t\t\t<div class=\"elementor-column elementor-col-100 elementor-top-column elementor-element elementor-element-a064026\" data-id=\"a064026\" data-element_type=\"column\">\n\t\t\t<div class=\"elementor-column-wrap elementor-element-populated\">\n\t\t\t\t\t\t\t<div class=\"elementor-widget-wrap\">\n\t\t\t\t\t\t<div class=\"elementor-element elementor-element-c39d095 elementor-widget elementor-widget-image\" data-id=\"c39d095\" data-element_type=\"widget\" data-widget_type=\"image.default\">\n\t\t\t\t<div class=\"elementor-widget-container\">\n\t\t\t\t\t\t\t\t<div class=\"elementor-image\">\n\t\t\t\t\t\t\t\t\t\t\t\t<img loading=\"lazy\" decoding=\"async\" width=\"200\" height=\"139\" src=\"http:\/\/lds-avocat.fr\/wp-content\/uploads\/2020\/05\/Capture-e1588844692398.png\" class=\"attachment-large size-large wp-image-311\" alt=\"ic\u00f4ne\" sizes=\"auto, 100vw\" \/>\t\t\t\t\t\t\t\t\t\t\t\t\t\t<\/div>\n\t\t\t\t\t\t<\/div>\n\t\t\t\t<\/div>\n\t\t\t\t\t\t<\/div>\n\t\t\t\t\t<\/div>\n\t\t<\/div>\n\t\t\t\t\t\t\t\t<\/div>\n\t\t\t\t\t<\/div>\n\t\t<\/section>\n\t\t\t\t<section class=\"elementor-section elementor-top-section elementor-element elementor-element-6c551c6b elementor-section-boxed elementor-section-height-default elementor-section-height-default\" data-id=\"6c551c6b\" data-element_type=\"section\">\n\t\t\t\t\t\t<div class=\"elementor-container elementor-column-gap-default\">\n\t\t\t\t\t\t\t<div class=\"elementor-row\">\n\t\t\t\t\t<div class=\"elementor-column elementor-col-100 elementor-top-column elementor-element elementor-element-2168f8b1\" data-id=\"2168f8b1\" data-element_type=\"column\">\n\t\t\t<div class=\"elementor-column-wrap elementor-element-populated\">\n\t\t\t\t\t\t\t<div class=\"elementor-widget-wrap\">\n\t\t\t\t\t\t<div class=\"elementor-element elementor-element-ebc9220 elementor-widget elementor-widget-spacer\" data-id=\"ebc9220\" data-element_type=\"widget\" data-widget_type=\"spacer.default\">\n\t\t\t\t<div class=\"elementor-widget-container\">\n\t\t\t\t\t<div class=\"elementor-spacer\">\n\t\t\t<div class=\"elementor-spacer-inner\"><\/div>\n\t\t<\/div>\n\t\t\t\t<\/div>\n\t\t\t\t<\/div>\n\t\t\t\t<div class=\"elementor-element elementor-element-b9726e7 elementor-widget elementor-widget-text-editor\" data-id=\"b9726e7\" data-element_type=\"widget\" data-widget_type=\"text-editor.default\">\n\t\t\t\t<div class=\"elementor-widget-container\">\n\t\t\t\t\t\t\t\t<div class=\"elementor-text-editor elementor-clearfix\">\n\t\t\t\t<p><!-- wp:image {\"id\":311,\"width\":117,\"height\":81,\"sizeSlug\":\"large\"} --><!-- \/wp:image --><!-- wp:paragraph {\"align\":\"left\"} --><\/p>\n<p class=\"has-text-align-left\">Notre accompagnement s\u2019inscrit dans une d\u00e9marche de <strong><span class=\"has-inline-color\" style=\"color: #087e16;\">confiance<\/span><\/strong>, de <strong><span class=\"has-inline-color\" style=\"color: #087e16;\">loyaut\u00e9<\/span><\/strong> et de <strong><span class=\"has-inline-color\" style=\"color: #087e16;\">transparence<\/span><\/strong> des \u00e9changes pour favoriser une collaboration constructive et apporter des solutions concr\u00e8tes et personnalis\u00e9es aux probl\u00e9matiques soulev\u00e9es.<\/p>\n<p><!-- \/wp:paragraph --><!-- wp:paragraph --><\/p>\n<p><strong><span class=\"has-inline-color\" style=\"color: #087e16;\">Ecoute<\/span><\/strong>,\u00a0<strong><span class=\"has-inline-color\" style=\"color: #087e16;\">r\u00e9activit\u00e9<\/span><\/strong> et <strong><span class=\"has-inline-color\" style=\"color: #087e16;\">bienveillance<\/span><\/strong>\u00a0sont autant de vecteurs de confiance qui fid\u00e9lisent nos clients.<\/p>\n<p><!-- \/wp:paragraph --><!-- wp:paragraph --><\/p>\n<p>LDS Avocat n\u2019est pas seulement un conseil juridique mais un v\u00e9ritable <strong><span class=\"has-inline-color\" style=\"color: #087e16;\">partenaire<\/span><\/strong> des dirigeants d\u2019entreprises, des services de ressources humaines pour consolider et s\u00e9curiser leurs pratiques de gestion sociale.<\/p>\n<p><!-- \/wp:paragraph --><!-- wp:group {\"align\":\"wide\"} --><\/p>\n<div class=\"wp-block-group alignwide\">\n<div class=\"wp-block-group__inner-container\">\n<p><!-- wp:group {\"align\":\"wide\"} --><\/p>\n<div class=\"wp-block-group alignwide\">\n<div class=\"wp-block-group__inner-container\">\n<p><!-- wp:group {\"align\":\"wide\"} --><\/p>\n<div class=\"wp-block-group alignwide\">\n<div class=\"wp-block-group__inner-container\">\u00a0<\/div>\n<\/div>\n<p><!-- \/wp:group --><\/p>\n<\/div>\n<\/div>\n<p><!-- \/wp:group --><\/p>\n<\/div>\n<\/div>\n<p><!-- \/wp:group --><\/p>\t\t\t\t\t<\/div>\n\t\t\t\t\t\t<\/div>\n\t\t\t\t<\/div>\n\t\t\t\t\t\t<\/div>\n\t\t\t\t\t<\/div>\n\t\t<\/div>\n\t\t\t\t\t\t\t\t<\/div>\n\t\t\t\t\t<\/div>\n\t\t<\/section>\n\t\t\t\t\t\t\t\t\t<\/div>\n\t\t\t<\/div>\n\t\t\t\t\t<\/div>\n\t\t","protected":false},"excerpt":{"rendered":"<p>Notre accompagnement s\u2019inscrit dans une d\u00e9marche de confiance, de loyaut\u00e9 et de transparence des \u00e9changes pour favoriser une collaboration constructive et apporter des solutions concr\u00e8tes et personnalis\u00e9es aux probl\u00e9matiques soulev\u00e9es. Ecoute,\u00a0r\u00e9activit\u00e9 et bienveillance\u00a0sont autant de vecteurs de confiance qui fid\u00e9lisent nos clients. LDS Avocat n\u2019est pas seulement un conseil juridique mais un v\u00e9ritable partenaire des &hellip; <\/p>\n<p class=\"link-more\"><a href=\"http:\/\/lds-avocat.fr\/?page_id=16\" class=\"more-link\">Continuer la lecture<span class=\"screen-reader-text\"> de &laquo;&nbsp;Nos valeurs&nbsp;&raquo;<\/span><\/a><\/p>\n","protected":false},"author":1,"featured_media":0,"parent":0,"menu_order":1,"comment_status":"closed","ping_status":"closed","template":"","meta":{"footnotes":""},"class_list":["post-16","page","type-page","status-publish","hentry"],"_links":{"self":[{"href":"http:\/\/lds-avocat.fr\/index.php?rest_route=\/wp\/v2\/pages\/16","targetHints":{"allow":["GET"]}}],"collection":[{"href":"http:\/\/lds-avocat.fr\/index.php?rest_route=\/wp\/v2\/pages"}],"about":[{"href":"http:\/\/lds-avocat.fr\/index.php?rest_route=\/wp\/v2\/types\/page"}],"author":[{"embeddable":true,"href":"http:\/\/lds-avocat.fr\/index.php?rest_route=\/wp\/v2\/users\/1"}],"replies":[{"embeddable":true,"href":"http:\/\/lds-avocat.fr\/index.php?rest_route=%2Fwp%2Fv2%2Fcomments&post=16"}],"version-history":[{"count":24,"href":"http:\/\/lds-avocat.fr\/index.php?rest_route=\/wp\/v2\/pages\/16\/revisions"}],"predecessor-version":[{"id":455,"href":"http:\/\/lds-avocat.fr\/index.php?rest_route=\/wp\/v2\/pages\/16\/revisions\/455"}],"wp:attachment":[{"href":"http:\/\/lds-avocat.fr\/index.php?rest_route=%2Fwp%2Fv2%2Fmedia&parent=16"}],"curies":[{"name":"wp","href":"https:\/\/api.w.org\/{rel}","templated":true}]}}