{"id":14,"date":"2012-02-23T09:08:58","date_gmt":"2012-02-23T07:08:58","guid":{"rendered":"http:\/\/lds-avocat.fr\/?page_id=14"},"modified":"2020-05-18T09:10:40","modified_gmt":"2020-05-18T07:10:40","slug":"droit-du-contentieux-de-lincapacite","status":"publish","type":"page","link":"http:\/\/lds-avocat.fr\/?page_id=14","title":{"rendered":"Contentieux"},"content":{"rendered":"\t\t<div data-elementor-type=\"wp-page\" data-elementor-id=\"14\" class=\"elementor elementor-14\">\n\t\t\t\t\t\t<div class=\"elementor-inner\">\n\t\t\t\t<div class=\"elementor-section-wrap\">\n\t\t\t\t\t\t\t\t\t<section class=\"elementor-section elementor-top-section elementor-element elementor-element-4e02cd4 elementor-section-boxed elementor-section-height-default elementor-section-height-default\" data-id=\"4e02cd4\" data-element_type=\"section\">\n\t\t\t\t\t\t<div class=\"elementor-container elementor-column-gap-default\">\n\t\t\t\t\t\t\t<div class=\"elementor-row\">\n\t\t\t\t\t<div class=\"elementor-column elementor-col-100 elementor-top-column elementor-element elementor-element-0f4721f\" data-id=\"0f4721f\" data-element_type=\"column\">\n\t\t\t<div class=\"elementor-column-wrap elementor-element-populated\">\n\t\t\t\t\t\t\t<div class=\"elementor-widget-wrap\">\n\t\t\t\t\t\t<div class=\"elementor-element elementor-element-454f9e0 elementor-widget elementor-widget-image\" data-id=\"454f9e0\" data-element_type=\"widget\" data-widget_type=\"image.default\">\n\t\t\t\t<div class=\"elementor-widget-container\">\n\t\t\t\t\t\t\t\t<div class=\"elementor-image\">\n\t\t\t\t\t\t\t\t\t\t\t\t<img loading=\"lazy\" decoding=\"async\" width=\"200\" height=\"139\" src=\"http:\/\/lds-avocat.fr\/wp-content\/uploads\/2020\/05\/Capture-e1588844692398.png\" class=\"attachment-large size-large wp-image-311\" alt=\"ic\u00f4ne\" sizes=\"auto, 100vw\" \/>\t\t\t\t\t\t\t\t\t\t\t\t\t\t<\/div>\n\t\t\t\t\t\t<\/div>\n\t\t\t\t<\/div>\n\t\t\t\t<div class=\"elementor-element elementor-element-892c7e2 elementor-widget elementor-widget-spacer\" data-id=\"892c7e2\" data-element_type=\"widget\" data-widget_type=\"spacer.default\">\n\t\t\t\t<div class=\"elementor-widget-container\">\n\t\t\t\t\t<div class=\"elementor-spacer\">\n\t\t\t<div class=\"elementor-spacer-inner\"><\/div>\n\t\t<\/div>\n\t\t\t\t<\/div>\n\t\t\t\t<\/div>\n\t\t\t\t\t\t<\/div>\n\t\t\t\t\t<\/div>\n\t\t<\/div>\n\t\t\t\t\t\t\t\t<\/div>\n\t\t\t\t\t<\/div>\n\t\t<\/section>\n\t\t\t\t<section class=\"elementor-section elementor-top-section elementor-element elementor-element-7b90c86c elementor-section-boxed elementor-section-height-default elementor-section-height-default\" data-id=\"7b90c86c\" data-element_type=\"section\">\n\t\t\t\t\t\t<div class=\"elementor-container elementor-column-gap-default\">\n\t\t\t\t\t\t\t<div class=\"elementor-row\">\n\t\t\t\t\t<div class=\"elementor-column elementor-col-100 elementor-top-column elementor-element elementor-element-2396bf14\" data-id=\"2396bf14\" data-element_type=\"column\">\n\t\t\t<div class=\"elementor-column-wrap elementor-element-populated\">\n\t\t\t\t\t\t\t<div class=\"elementor-widget-wrap\">\n\t\t\t\t\t\t<div class=\"elementor-element elementor-element-56d3c48a elementor-widget elementor-widget-text-editor\" data-id=\"56d3c48a\" data-element_type=\"widget\" data-widget_type=\"text-editor.default\">\n\t\t\t\t<div class=\"elementor-widget-container\">\n\t\t\t\t\t\t\t\t<div class=\"elementor-text-editor elementor-clearfix\">\n\t\t\t\t<p>Le cabinet LDS Avocat d\u00e9fend les int\u00e9r\u00eats de ses clients devant les juridictions sociales de premi\u00e8re et seconde instance :<\/p>\n<ul>\n<li style=\"list-style-type: none;\">\n<ul>\n<li style=\"list-style-type: none;\">\n<ul>\n<li>conseil de prud\u2019hommes,<\/li>\n<li>tribunal judiciaire (contentieux de la s\u00e9curit\u00e9 sociale, accords collectifs de travail, d\u00e9signation et l\u2019\u00e9lection des repr\u00e9sentants du personnel et d\u00e9l\u00e9gu\u00e9s syndicaux),<\/li>\n<li>tribunal correctionnel pour le droit p\u00e9nal du travail (infractions \u00e0 la dur\u00e9e du travail, CDD et accidents graves),<\/li>\n<li>tribunal administratif sur les sujets de droit social,<\/li>\n<li>cour d\u2019appel.<\/li>\n<\/ul>\n<\/li>\n<\/ul>\n<\/li>\n<\/ul>\n<p>La premi\u00e8re \u00e9tude du dossier permet au cabinet de pr\u00e9senter une analyse de risques d\u00e9taill\u00e9e au client, conduisant \u00e0 l\u2019\u00e9laboration de la strat\u00e9gie d\u2019attaque ou de d\u00e9fense.<\/p>\t\t\t\t\t<\/div>\n\t\t\t\t\t\t<\/div>\n\t\t\t\t<\/div>\n\t\t\t\t\t\t<\/div>\n\t\t\t\t\t<\/div>\n\t\t<\/div>\n\t\t\t\t\t\t\t\t<\/div>\n\t\t\t\t\t<\/div>\n\t\t<\/section>\n\t\t\t\t\t\t\t\t\t<\/div>\n\t\t\t<\/div>\n\t\t\t\t\t<\/div>\n\t\t","protected":false},"excerpt":{"rendered":"<p>Le cabinet LDS Avocat d\u00e9fend les int\u00e9r\u00eats de ses clients devant les juridictions sociales de premi\u00e8re et seconde instance : conseil de prud\u2019hommes, tribunal judiciaire (contentieux de la s\u00e9curit\u00e9 sociale, accords collectifs de travail, d\u00e9signation et l\u2019\u00e9lection des repr\u00e9sentants du personnel et d\u00e9l\u00e9gu\u00e9s syndicaux), tribunal correctionnel pour le droit p\u00e9nal du travail (infractions \u00e0 la &hellip; <\/p>\n<p class=\"link-more\"><a href=\"http:\/\/lds-avocat.fr\/?page_id=14\" class=\"more-link\">Continuer la lecture<span class=\"screen-reader-text\"> de &laquo;&nbsp;Contentieux&nbsp;&raquo;<\/span><\/a><\/p>\n","protected":false},"author":1,"featured_media":0,"parent":0,"menu_order":2,"comment_status":"closed","ping_status":"closed","template":"","meta":{"footnotes":""},"class_list":["post-14","page","type-page","status-publish","hentry"],"_links":{"self":[{"href":"http:\/\/lds-avocat.fr\/index.php?rest_route=\/wp\/v2\/pages\/14","targetHints":{"allow":["GET"]}}],"collection":[{"href":"http:\/\/lds-avocat.fr\/index.php?rest_route=\/wp\/v2\/pages"}],"about":[{"href":"http:\/\/lds-avocat.fr\/index.php?rest_route=\/wp\/v2\/types\/page"}],"author":[{"embeddable":true,"href":"http:\/\/lds-avocat.fr\/index.php?rest_route=\/wp\/v2\/users\/1"}],"replies":[{"embeddable":true,"href":"http:\/\/lds-avocat.fr\/index.php?rest_route=%2Fwp%2Fv2%2Fcomments&post=14"}],"version-history":[{"count":12,"href":"http:\/\/lds-avocat.fr\/index.php?rest_route=\/wp\/v2\/pages\/14\/revisions"}],"predecessor-version":[{"id":476,"href":"http:\/\/lds-avocat.fr\/index.php?rest_route=\/wp\/v2\/pages\/14\/revisions\/476"}],"wp:attachment":[{"href":"http:\/\/lds-avocat.fr\/index.php?rest_route=%2Fwp%2Fv2%2Fmedia&parent=14"}],"curies":[{"name":"wp","href":"https:\/\/api.w.org\/{rel}","templated":true}]}}